{"id":11549,"date":"2026-02-07T19:36:22","date_gmt":"2026-02-07T19:36:22","guid":{"rendered":"https:\/\/newstore.northlandvelo.nl\/?page_id=11549"},"modified":"2026-02-09T16:38:45","modified_gmt":"2026-02-09T16:38:45","slug":"services","status":"publish","type":"page","link":"https:\/\/newstore.northlandvelo.nl\/it\/services\/","title":{"rendered":"Servizi"},"content":{"rendered":"<div id=\"services\" class=\"wp-block-group pattern_multiple_covers has-global-padding is-layout-constrained wp-block-group-is-layout-constrained\">\n<h2 class=\"wp-block-heading has-text-align-left has-large-font-size\">Servizi Northland Velo<\/h2>\n\n\n\n<p class=\"has-text-align-left\">Northland Velo offre la vendita di velomobili WAW, soluzioni stampate in 3D e servizi di riparazione e miglioramento per modelli selezionati di velomobili a Zeeuws-Vlaanderen. I servizi spaziano da semplici riparazioni come la messa a punto del cambio e il rinnovamento dei freni a lavori elettrici e piccole riparazioni di materiali compositi. I modelli che possono essere portati per la riparazione includono WAW, Quest, Strada, tutte le Buelk, le Milan con portelli di accesso, le Alpha e le DF\/DFXL. Northland Velo non \u00e8 in grado di offrire riparazioni su modelli senza portelli di accesso, mozzi con ingranaggi interni o assistenza elettrica. Northland Velo si rammarica inoltre della mancanza di uno spazio adeguato per la riparazione della vernice e non \u00e8 in grado di offrire questo servizio. Per alcuni modelli potrebbe essere necessario ordinare i pezzi di ricambio, poich\u00e9 Northland Velo non ha rapporti con tutti i produttori di velomobili.<\/p>\n\n\n\n<div style=\"height:46px\" aria-hidden=\"true\" class=\"wp-block-spacer\"><\/div>\n\n\n\n<div class=\"wp-block-columns is-layout-flex wp-container-core-columns-is-layout-28f84493 wp-block-columns-is-layout-flex\">\n<div class=\"wp-block-column is-layout-flow wp-block-column-is-layout-flow\" style=\"padding-top:0;padding-right:0;padding-bottom:0;padding-left:0\">\n<div class=\"wp-block-cover has-custom-content-position is-position-bottom-left\" style=\"border-top-left-radius:5px;border-top-right-radius:5px;border-bottom-left-radius:5px;border-bottom-right-radius:5px;padding-top:var(--wp--preset--spacing--small);padding-right:var(--wp--preset--spacing--x-small);padding-bottom:var(--wp--preset--spacing--small);padding-left:var(--wp--preset--spacing--x-small)\"><img loading=\"lazy\" decoding=\"async\" width=\"768\" height=\"1024\" class=\"wp-block-cover__image-background wp-image-9944 size-large\" alt=\"\" src=\"https:\/\/newstore.northlandvelo.nl\/wp-content\/uploads\/2026\/02\/IMG_8646-768x1024.jpg\" data-object-fit=\"cover\" srcset=\"https:\/\/newstore.northlandvelo.nl\/wp-content\/uploads\/2026\/02\/IMG_8646-768x1024.jpg 768w, https:\/\/newstore.northlandvelo.nl\/wp-content\/uploads\/2026\/02\/IMG_8646-225x300.jpg 225w, https:\/\/newstore.northlandvelo.nl\/wp-content\/uploads\/2026\/02\/IMG_8646-2000x2667.jpg 2000w, https:\/\/newstore.northlandvelo.nl\/wp-content\/uploads\/2026\/02\/IMG_8646-scaled-9x12.jpg 9w, https:\/\/newstore.northlandvelo.nl\/wp-content\/uploads\/2026\/02\/IMG_8646-scaled.jpg 1920w\" sizes=\"auto, (max-width: 768px) 100vw, 768px\" \/><span aria-hidden=\"true\" class=\"wp-block-cover__background has-primary-background-color has-background-dim-30 has-background-dim\"><\/span><div class=\"wp-block-cover__inner-container is-layout-flow wp-block-cover-is-layout-flow\">\n<h3 class=\"wp-block-heading has-white-color has-text-color has-medium-font-size\" style=\"margin-top:0;margin-right:0;margin-bottom:0;margin-left:0\">Vendite WAW<\/h3>\n\n\n\n<p class=\"has-white-color has-text-color has-link-color wp-elements-6614d4ffc86f2c7508292c86c80d30c9\" style=\"margin-top:0;margin-right:0;margin-bottom:0;margin-left:0\"><a href=\"https:\/\/newstore.northlandvelo.nl\/it\/meet-the-waw-velomobile-2\/\" data-type=\"page\" data-id=\"11684\">Per saperne di pi\u00f9 \u2192<\/a><\/p>\n<\/div><\/div>\n<\/div>\n\n\n\n<div class=\"wp-block-column is-layout-flow wp-block-column-is-layout-flow\" style=\"padding-top:0;padding-right:0;padding-bottom:0;padding-left:0\">\n<div class=\"wp-block-cover has-custom-content-position is-position-bottom-left\" style=\"border-top-left-radius:5px;border-top-right-radius:5px;border-bottom-left-radius:5px;border-bottom-right-radius:5px;padding-top:var(--wp--preset--spacing--small);padding-right:var(--wp--preset--spacing--x-small);padding-bottom:var(--wp--preset--spacing--small);padding-left:var(--wp--preset--spacing--x-small)\"><img loading=\"lazy\" decoding=\"async\" width=\"768\" height=\"1024\" class=\"wp-block-cover__image-background wp-image-11699 size-large\" alt=\"\" src=\"https:\/\/newstore.northlandvelo.nl\/wp-content\/uploads\/2026\/02\/printer-768x1024.jpg\" data-object-fit=\"cover\" srcset=\"https:\/\/newstore.northlandvelo.nl\/wp-content\/uploads\/2026\/02\/printer-768x1024.jpg 768w, https:\/\/newstore.northlandvelo.nl\/wp-content\/uploads\/2026\/02\/printer-225x300.jpg 225w, https:\/\/newstore.northlandvelo.nl\/wp-content\/uploads\/2026\/02\/printer-9x12.jpg 9w, https:\/\/newstore.northlandvelo.nl\/wp-content\/uploads\/2026\/02\/printer.jpg 810w\" sizes=\"auto, (max-width: 768px) 100vw, 768px\" \/><span aria-hidden=\"true\" class=\"wp-block-cover__background has-primary-background-color has-background-dim-30 has-background-dim\"><\/span><div class=\"wp-block-cover__inner-container is-layout-flow wp-block-cover-is-layout-flow\">\n<h3 class=\"wp-block-heading has-white-color has-text-color has-medium-font-size\" style=\"margin-top:0;margin-right:0;margin-bottom:0;margin-left:0\">Stampa 3D<\/h3>\n\n\n\n<p class=\"has-white-color has-text-color has-link-color wp-elements-0dd6b2b7de3fe52659a95074d949d8c8\" style=\"margin-top:0;margin-right:0;margin-bottom:0;margin-left:0\"><a href=\"https:\/\/newstore.northlandvelo.nl\/it\/product-category\/accessories\/\" data-type=\"product_cat\" data-id=\"66\">Per saperne di pi\u00f9 \u2192<\/a><\/p>\n<\/div><\/div>\n<\/div>\n\n\n\n<div class=\"wp-block-column is-layout-flow wp-block-column-is-layout-flow\" style=\"padding-top:0;padding-right:0;padding-bottom:0;padding-left:0\">\n<div class=\"wp-block-cover has-custom-content-position is-position-bottom-left\" style=\"border-top-left-radius:5px;border-top-right-radius:5px;border-bottom-left-radius:5px;border-bottom-right-radius:5px;padding-top:var(--wp--preset--spacing--small);padding-right:var(--wp--preset--spacing--x-small);padding-bottom:var(--wp--preset--spacing--small);padding-left:var(--wp--preset--spacing--x-small)\"><img loading=\"lazy\" decoding=\"async\" width=\"768\" height=\"1024\" class=\"wp-block-cover__image-background wp-image-9438 size-large\" alt=\"\" src=\"https:\/\/newstore.northlandvelo.nl\/wp-content\/uploads\/2026\/02\/thumbnail-3-768x1024.jpeg\" data-object-fit=\"cover\" srcset=\"https:\/\/newstore.northlandvelo.nl\/wp-content\/uploads\/2026\/02\/thumbnail-3-768x1024.jpeg 768w, https:\/\/newstore.northlandvelo.nl\/wp-content\/uploads\/2026\/02\/thumbnail-3-225x300.jpeg 225w, https:\/\/newstore.northlandvelo.nl\/wp-content\/uploads\/2026\/02\/thumbnail-3-9x12.jpeg 9w, https:\/\/newstore.northlandvelo.nl\/wp-content\/uploads\/2026\/02\/thumbnail-3-600x800.jpeg 600w, https:\/\/newstore.northlandvelo.nl\/wp-content\/uploads\/2026\/02\/thumbnail-3.jpeg 810w\" sizes=\"auto, (max-width: 768px) 100vw, 768px\" \/><span aria-hidden=\"true\" class=\"wp-block-cover__background has-primary-background-color has-background-dim-30 has-background-dim\"><\/span><div class=\"wp-block-cover__inner-container is-layout-flow wp-block-cover-is-layout-flow\">\n<h3 class=\"wp-block-heading has-white-color has-text-color has-medium-font-size\" style=\"margin-top:0;margin-right:0;margin-bottom:0;margin-left:0\">Riparazione<\/h3>\n\n\n\n<p class=\"has-white-color has-text-color has-link-color wp-elements-039b1d4013faafe40a01820ed7761f2a\" style=\"margin-top:0;margin-right:0;margin-bottom:0;margin-left:0\"><a href=\"https:\/\/newstore.northlandvelo.nl\/it\/contact\/\" data-type=\"page\" data-id=\"9397\">Per saperne di pi\u00f9 \u2192<\/a><\/p>\n<\/div><\/div>\n<\/div>\n<\/div>\n\n\n\n<div style=\"height:103px\" aria-hidden=\"true\" class=\"wp-block-spacer\"><\/div>\n<\/div>\n\n\n\n<div class=\"wp-block-group alignfull has-global-padding is-layout-constrained wp-container-core-group-is-layout-93707e3a wp-block-group-is-layout-constrained\" id=\"cover\" style=\"margin-top:0px;margin-bottom:0px\">\n<div class=\"wp-block-cover alignfull\" style=\"min-height:549px;aspect-ratio:unset;\"><img loading=\"lazy\" decoding=\"async\" width=\"1024\" height=\"768\" class=\"wp-block-cover__image-background wp-image-11596 size-large\" alt=\"\" src=\"https:\/\/newstore.northlandvelo.nl\/wp-content\/uploads\/2026\/02\/new-bike-day-1024x768.jpg\" data-object-fit=\"cover\" srcset=\"https:\/\/newstore.northlandvelo.nl\/wp-content\/uploads\/2026\/02\/new-bike-day-1024x768.jpg 1024w, https:\/\/newstore.northlandvelo.nl\/wp-content\/uploads\/2026\/02\/new-bike-day-300x225.jpg 300w, https:\/\/newstore.northlandvelo.nl\/wp-content\/uploads\/2026\/02\/new-bike-day-16x12.jpg 16w, https:\/\/newstore.northlandvelo.nl\/wp-content\/uploads\/2026\/02\/new-bike-day.jpg 1080w\" sizes=\"auto, (max-width: 1024px) 100vw, 1024px\" \/><span aria-hidden=\"true\" class=\"wp-block-cover__background has-black-background-color has-background-dim-60 has-background-dim\"><\/span><div class=\"wp-block-cover__inner-container is-layout-flow wp-block-cover-is-layout-flow\">\n<div class=\"wp-block-group has-global-padding is-layout-constrained wp-container-core-group-is-layout-4383d167 wp-block-group-is-layout-constrained\">\n<div style=\"height:88px\" aria-hidden=\"true\" class=\"wp-block-spacer\"><\/div>\n\n\n\n<h2 class=\"wp-block-heading has-white-color has-text-color has-max-48-font-size\">Perch\u00e9 Northland Velo?<\/h2>\n\n\n\n<p>Pur non essendo il negozio pi\u00f9 completo, Northland Velo promette di offrire il miglior servizio, qualit\u00e0 e comunicazione possibile. Northland Velo si trova in alcune delle pi\u00f9 belle localit\u00e0 ciclistiche dei Paesi Bassi e vicino alle pi\u00f9 grandi citt\u00e0 del Belgio. Una sosta da Northland Velo \u00e8 anche un'ottima occasione per un weekend di vacanza all'insegna del ciclismo e delle spiagge incontaminate, quindi portate la vostra attrezzatura da ciclismo!<\/p>\n\n\n\n<div class=\"wp-block-buttons is-layout-flex wp-block-buttons-is-layout-flex\">\n<div class=\"wp-block-button is-style-outline is-style-outline--1\"><a class=\"wp-block-button__link wp-element-button\" href=\"https:\/\/newstore.northlandvelo.nl\/it\/contact\/\" style=\"border-radius:0px;text-transform:uppercase\">contattare Northland Velo<\/a><\/div>\n<\/div>\n\n\n\n<div style=\"height:63px\" aria-hidden=\"true\" class=\"wp-block-spacer\"><\/div>\n<\/div>\n<\/div><\/div>\n<\/div>\n\n\n\n<div id=\"reel\" class=\"wp-block-group has-global-padding is-layout-constrained wp-container-core-group-is-layout-93707e3a wp-block-group-is-layout-constrained\" style=\"margin-top:0px;margin-bottom:0px\">\n<h2 class=\"wp-block-heading has-white-color has-text-color has-max-48-font-size\">Mostra <\/h2>\n\n\n\n<figure class=\"wp-block-embed is-type-video is-provider-youtube wp-block-embed-youtube wp-embed-aspect-16-9 wp-has-aspect-ratio\"><div class=\"wp-block-embed__wrapper\">\n<iframe loading=\"lazy\" title=\"Pedalare in Zelanda: il percorso della spiaggia di Zeeuws-Vlaanderen da Breskens a Cadzand in Velomobile\" width=\"950\" height=\"534\" src=\"https:\/\/www.youtube.com\/embed\/UenAmIfPxQs?feature=oembed\" frameborder=\"0\" allow=\"accelerometer; autoplay; clipboard-write; encrypted-media; gyroscope; picture-in-picture; web-share\" referrerpolicy=\"strict-origin-when-cross-origin\" allowfullscreen><\/iframe>\n<\/div><\/figure>\n<\/div>\n\n\n\n<div class=\"wp-block-group has-global-padding is-layout-constrained wp-block-group-is-layout-constrained\">\n<div class=\"wp-block-group is-layout-flow wp-block-group-is-layout-flow\">\n<p class=\"has-secondary-color has-text-color\"><\/p>\n\n\n\n<h2 class=\"wp-block-heading has-max-48-font-size\">Diamoci da fare!<\/h2>\n\n\n\n<div class=\"wp-block-columns is-layout-flex wp-container-core-columns-is-layout-28f84493 wp-block-columns-is-layout-flex\">\n<div class=\"wp-block-column is-style-default is-layout-flow wp-block-column-is-layout-flow\" style=\"border-top-style:none;border-top-width:0px;border-right-style:none;border-right-width:0px;border-bottom-style:none;border-bottom-width:0px;border-left-color:var(--wp--preset--color--lightgrey);border-left-width:1px;padding-top:35px;padding-right:2%;padding-bottom:35px;padding-left:5%\">\n<h2 class=\"wp-block-heading has-primary-color has-text-color\"><strong>1.<\/strong><\/h2>\n\n\n\n<div style=\"height:31px\" aria-hidden=\"true\" class=\"wp-block-spacer\"><\/div>\n\n\n\n<h2 class=\"wp-block-heading\">Programma<\/h2>\n\n\n\n<p>\u00c8 possibile fissare un appuntamento per la manutenzione attraverso il sito web, garantendo una comunicazione sicura. Troveremo insieme un orario adatto per la vostra visita, in modo da garantirvi un periodo di assenza dalla vostra amata velomobile il pi\u00f9 breve possibile.<\/p>\n\n\n\n<p><a href=\"https:\/\/newstore.northlandvelo.nl\/it\/contact\/\" data-type=\"page\" data-id=\"9397\">Programma ora<\/a><\/p>\n<\/div>\n\n\n\n<div class=\"wp-block-column is-style-default is-layout-flow wp-block-column-is-layout-flow\" style=\"border-top-style:none;border-top-width:0px;border-right-style:none;border-right-width:0px;border-bottom-style:none;border-bottom-width:0px;border-left-color:var(--wp--preset--color--lightgrey);border-left-width:1px;padding-top:35px;padding-right:2%;padding-bottom:35px;padding-left:5%\">\n<h2 class=\"wp-block-heading has-primary-color has-text-color\"><strong>2.<\/strong><\/h2>\n\n\n\n<div style=\"height:31px\" aria-hidden=\"true\" class=\"wp-block-spacer\"><\/div>\n\n\n\n<h2 class=\"wp-block-heading\">Fissare<\/h2>\n\n\n\n<p>Il mio obiettivo \u00e8 sempre quello di fornire un servizio di riparazione il pi\u00f9 rapidamente possibile. Per motivi di spazio, mi occupo di un solo progetto di riparazione alla volta, in modo da potermi concentrare completamente sul vostro progetto. Riceverete un preventivo di massima prima di iniziare il lavoro di riparazione. Nel caso in cui sia necessario un lavoro supplementare, sarete consultati con un preventivo prima che inizi il lavoro.<\/p>\n\n\n\n<p><\/p>\n<\/div>\n\n\n\n<div class=\"wp-block-column is-style-default is-layout-flow wp-block-column-is-layout-flow\" style=\"border-top-style:none;border-top-width:0px;border-right-style:none;border-right-width:0px;border-bottom-style:none;border-bottom-width:0px;border-left-color:var(--wp--preset--color--lightgrey);border-left-width:1px;padding-top:35px;padding-right:2%;padding-bottom:35px;padding-left:5%\">\n<h2 class=\"wp-block-heading has-primary-color has-text-color\"><strong>3.<\/strong><\/h2>\n\n\n\n<div style=\"height:31px\" aria-hidden=\"true\" class=\"wp-block-spacer\"><\/div>\n\n\n\n<h2 class=\"wp-block-heading\">Paga<\/h2>\n\n\n\n<p>Tutti i pagamenti vengono eseguiti attraverso un sito web sicuro che garantisce che il pagamento arrivi sul mio conto senza il rischio di essere intercettato da truffatori di Internet. \u00c8 inoltre possibile pagare di persona tramite bonifico bancario.<\/p>\n\n\n\n<p><\/p>\n<\/div>\n<\/div>\n<\/div>\n<\/div>\n\n\n\n<div class=\"wp-block-group has-global-padding is-layout-constrained wp-block-group-is-layout-constrained\"><\/div>\n\n\n\n<div style=\"height:0px\" aria-hidden=\"true\" class=\"wp-block-spacer\"><\/div>","protected":false},"excerpt":{"rendered":"<p>Northland Velo Services Northland Velo offers WAW velomobile sales, 3D printed solutions, and repair and improvement services for select velomobile models in Zeeuws-Vlaanderen. Services range from simple repairs like tuning shifting and refurbishing brakes to electrical work and minor composites repair. Models that can be brought for repair include the WAW, Quest, Strada, all Buelks, &hellip; <\/p>\n<p class=\"link-more\"><a href=\"https:\/\/newstore.northlandvelo.nl\/it\/services\/\" class=\"more-link\">Leggi tutto<span class=\"screen-reader-text\"> &#8220;Services&#8221;<\/span><\/a><\/p>","protected":false},"author":1,"featured_media":9438,"parent":0,"menu_order":0,"comment_status":"closed","ping_status":"closed","template":"","meta":{"footnotes":""},"class_list":["post-11549","page","type-page","status-publish","has-post-thumbnail","hentry"],"_links":{"self":[{"href":"https:\/\/newstore.northlandvelo.nl\/it\/wp-json\/wp\/v2\/pages\/11549","targetHints":{"allow":["GET"]}}],"collection":[{"href":"https:\/\/newstore.northlandvelo.nl\/it\/wp-json\/wp\/v2\/pages"}],"about":[{"href":"https:\/\/newstore.northlandvelo.nl\/it\/wp-json\/wp\/v2\/types\/page"}],"author":[{"embeddable":true,"href":"https:\/\/newstore.northlandvelo.nl\/it\/wp-json\/wp\/v2\/users\/1"}],"replies":[{"embeddable":true,"href":"https:\/\/newstore.northlandvelo.nl\/it\/wp-json\/wp\/v2\/comments?post=11549"}],"version-history":[{"count":27,"href":"https:\/\/newstore.northlandvelo.nl\/it\/wp-json\/wp\/v2\/pages\/11549\/revisions"}],"predecessor-version":[{"id":11843,"href":"https:\/\/newstore.northlandvelo.nl\/it\/wp-json\/wp\/v2\/pages\/11549\/revisions\/11843"}],"wp:featuredmedia":[{"embeddable":true,"href":"https:\/\/newstore.northlandvelo.nl\/it\/wp-json\/wp\/v2\/media\/9438"}],"wp:attachment":[{"href":"https:\/\/newstore.northlandvelo.nl\/it\/wp-json\/wp\/v2\/media?parent=11549"}],"curies":[{"name":"wp","href":"https:\/\/api.w.org\/{rel}","templated":true}]}}