{"id":11472,"date":"2026-02-05T15:47:02","date_gmt":"2026-02-05T15:47:02","guid":{"rendered":"https:\/\/newstore.northlandvelo.nl\/?post_type=product&#038;p=11472"},"modified":"2026-02-10T20:06:53","modified_gmt":"2026-02-10T20:06:53","slug":"outer-shift-cable-housing-saccon","status":"publish","type":"product","link":"https:\/\/newstore.northlandvelo.nl\/de\/product\/outer-shift-cable-housing-saccon\/","title":{"rendered":"\u00c4u\u00dferes Schaltzuggeh\u00e4use - Saccon"},"content":{"rendered":"<p>Also found in my collection of random things is a large roll of shift cable housing. The housing can be cut to whatever size you desire.Sold by the meter (100cm)<\/p>","protected":false},"excerpt":{"rendered":"<p>Also found in my collection of random things is a large roll of shift cable housing. The housing can be cut to whatever size you desire.Sold by the meter (100cm)<\/p>","protected":false},"featured_media":11464,"template":"","meta":[],"product_brand":[],"product_cat":[112,114],"product_tag":[184],"class_list":{"0":"post-11472","1":"product","2":"type-product","3":"status-publish","4":"has-post-thumbnail","6":"product_cat-part","7":"product_cat-recumbent","8":"product_tag-shift-cable-housing","9":"product_shipping_class-letterbox","11":"first","12":"instock","13":"taxable","14":"shipping-taxable","15":"purchasable","16":"product-type-simple"},"_links":{"self":[{"href":"https:\/\/newstore.northlandvelo.nl\/de\/wp-json\/wp\/v2\/product\/11472","targetHints":{"allow":["GET"]}}],"collection":[{"href":"https:\/\/newstore.northlandvelo.nl\/de\/wp-json\/wp\/v2\/product"}],"about":[{"href":"https:\/\/newstore.northlandvelo.nl\/de\/wp-json\/wp\/v2\/types\/product"}],"wp:featuredmedia":[{"embeddable":true,"href":"https:\/\/newstore.northlandvelo.nl\/de\/wp-json\/wp\/v2\/media\/11464"}],"wp:attachment":[{"href":"https:\/\/newstore.northlandvelo.nl\/de\/wp-json\/wp\/v2\/media?parent=11472"}],"wp:term":[{"taxonomy":"product_brand","embeddable":true,"href":"https:\/\/newstore.northlandvelo.nl\/de\/wp-json\/wp\/v2\/product_brand?post=11472"},{"taxonomy":"product_cat","embeddable":true,"href":"https:\/\/newstore.northlandvelo.nl\/de\/wp-json\/wp\/v2\/product_cat?post=11472"},{"taxonomy":"product_tag","embeddable":true,"href":"https:\/\/newstore.northlandvelo.nl\/de\/wp-json\/wp\/v2\/product_tag?post=11472"}],"curies":[{"name":"wp","href":"https:\/\/api.w.org\/{rel}","templated":true}]}}