{"id":11224,"date":"2026-02-04T19:12:37","date_gmt":"2026-02-04T19:12:37","guid":{"rendered":"https:\/\/newstore.northlandvelo.nl\/?post_type=product&#038;p=11224"},"modified":"2026-02-10T20:22:27","modified_gmt":"2026-02-10T20:22:27","slug":"3d-gedruckter-werkzeugkasten","status":"publish","type":"product","link":"https:\/\/newstore.northlandvelo.nl\/de\/product\/3d-gedruckter-werkzeugkasten\/","title":{"rendered":"3D-gedruckter Werkzeugkasten"},"content":{"rendered":"<p>Die Toolbox passt perfekt in die Heckablage von Buelk-Velomobilen (und auch anderen Velomobilen). Sie ist die perfekte L\u00f6sung, um Ihre Ersatzschl\u00e4uche und Werkzeuge w\u00e4hrend der Fahrt organisiert aufzubewahren, mit einem separaten Fach f\u00fcr Ihre Schl\u00e4uche und einem weiteren gr\u00f6\u00dferen Fach f\u00fcr Ihre Werkzeuge. Die Toolbox ist sowohl in Spacegrau als auch in Schwarz erh\u00e4ltlich. Wenn Sie an einer anderen Farbe interessiert sind, kontaktieren Sie bitte info@northlandvelo.com f\u00fcr ein individuelles Farbangebot. Bitte beachten Sie, dass 3D-gedruckte Artikel manchmal kleine kosmetische M\u00e4ngel aufweisen k\u00f6nnen. Diese M\u00e4ngel haben keinen Einfluss auf die Funktion des Designs und sind rein kosmetischer Natur. Beachten Sie auch, dass 3D-gedruckte Materialien aus Kunststoff bestehen und anf\u00e4llig f\u00fcr Kratzer sind.<\/p>\n<p><iframe loading=\"lazy\" title=\"Pimp Your Velomobile: die Buelk Toolbox\" width=\"950\" height=\"534\" src=\"https:\/\/www.youtube.com\/embed\/FcI5UyTnmlw?feature=oembed\" frameborder=\"0\" allow=\"accelerometer; autoplay; clipboard-write; encrypted-media; gyroscope; picture-in-picture; web-share\" referrerpolicy=\"strict-origin-when-cross-origin\" allowfullscreen><\/iframe><\/p>","protected":false},"excerpt":{"rendered":"<p>Custom sized to fit perfectly in the rear tray of Buelk velomobiles (and other velomobiles as well), the Toolbox is the perfect solution to keep your spares tubes and tools organized while riding, featuring a separate compartment for your inner tubes and another larger compartment for your tools. The toolbox is available in both space &hellip; <\/p>\n<p class=\"link-more\"><a href=\"https:\/\/newstore.northlandvelo.nl\/de\/product\/3d-gedruckter-werkzeugkasten\/\" class=\"more-link\">Mehr <span class=\"screen-reader-text\">\u00fcber &#8220;3D Printed Toolbox&#8221; <\/span>Lesen<\/a><\/p>","protected":false},"featured_media":9597,"template":"","meta":[],"product_brand":[],"product_cat":[66,109],"product_tag":[151],"class_list":{"0":"post-11224","1":"product","2":"type-product","3":"status-publish","4":"has-post-thumbnail","6":"product_cat-accessories","7":"product_cat-tools","8":"product_tag-toolbox","9":"product_shipping_class-small","11":"first","12":"instock","13":"taxable","14":"shipping-taxable","15":"purchasable","16":"product-type-variable"},"_links":{"self":[{"href":"https:\/\/newstore.northlandvelo.nl\/de\/wp-json\/wp\/v2\/product\/11224","targetHints":{"allow":["GET"]}}],"collection":[{"href":"https:\/\/newstore.northlandvelo.nl\/de\/wp-json\/wp\/v2\/product"}],"about":[{"href":"https:\/\/newstore.northlandvelo.nl\/de\/wp-json\/wp\/v2\/types\/product"}],"wp:featuredmedia":[{"embeddable":true,"href":"https:\/\/newstore.northlandvelo.nl\/de\/wp-json\/wp\/v2\/media\/9597"}],"wp:attachment":[{"href":"https:\/\/newstore.northlandvelo.nl\/de\/wp-json\/wp\/v2\/media?parent=11224"}],"wp:term":[{"taxonomy":"product_brand","embeddable":true,"href":"https:\/\/newstore.northlandvelo.nl\/de\/wp-json\/wp\/v2\/product_brand?post=11224"},{"taxonomy":"product_cat","embeddable":true,"href":"https:\/\/newstore.northlandvelo.nl\/de\/wp-json\/wp\/v2\/product_cat?post=11224"},{"taxonomy":"product_tag","embeddable":true,"href":"https:\/\/newstore.northlandvelo.nl\/de\/wp-json\/wp\/v2\/product_tag?post=11224"}],"curies":[{"name":"wp","href":"https:\/\/api.w.org\/{rel}","templated":true}]}}