{"id":11120,"date":"2026-02-04T15:59:00","date_gmt":"2026-02-04T15:59:00","guid":{"rendered":"https:\/\/newstore.northlandvelo.nl\/?post_type=product&#038;p=11120"},"modified":"2026-02-10T20:32:54","modified_gmt":"2026-02-10T20:32:54","slug":"die-modulare-wahoo-gps-halterung","status":"publish","type":"product","link":"https:\/\/newstore.northlandvelo.nl\/de\/product\/die-modulare-wahoo-gps-halterung\/","title":{"rendered":"Die modulare Wahoo GPS-Halterung"},"content":{"rendered":"<p>Inspiriert von einem Hack, der im deutschen Velomobil-Forum gesehen wurde, ist diese GPS-Halterung so konzipiert, dass sie leicht eingestellt werden kann. Die Halterung wird mit grauem 3M VHB-Klebeband befestigt. Eine l\u00e4ngere Schraube wird auch f\u00fcr diejenigen, die eine felsenfeste Halterung ben\u00f6tigen, zur Verf\u00fcgung gestellt. Der kreisf\u00f6rmige Teil mit dem Klebeband kann von einer Seite zur anderen gedreht und dann durch Anziehen der Schraube fixiert werden. Der GPS-Halterungsteil kann nach oben und unten gedreht und ebenfalls durch Anziehen einer Schraube fixiert werden. Die Gr\u00f6\u00dfe der Halterung basiert auf GoPro-Halterungen und k\u00f6nnte theoretisch auch f\u00fcr andere Gegenst\u00e4nde verwendet werden, obwohl die St\u00e4rke des Klebebands in diesem Anwendungsfall noch nicht getestet wurde. Aufgrund der Modularit\u00e4t dieses Designs ist es m\u00f6glich, andere Arme f\u00fcr die Befestigung an zus\u00e4tzlichen Stellen zu entwerfen. Zus\u00e4tzliche Halterungen mit Klebeband k\u00f6nnen bestellt werden, damit Sie die Halterung und den Arm von einer Haube zur anderen wechseln k\u00f6nnen.<\/p>\n<p><iframe loading=\"lazy\" title=\"Neue verstellbare GPS-Halterung f\u00fcr Velomobile\" width=\"950\" height=\"534\" src=\"https:\/\/www.youtube.com\/embed\/VreVy5n0LB4?feature=oembed\" frameborder=\"0\" allow=\"accelerometer; autoplay; clipboard-write; encrypted-media; gyroscope; picture-in-picture; web-share\" referrerpolicy=\"strict-origin-when-cross-origin\" allowfullscreen><\/iframe><\/p>","protected":false},"excerpt":{"rendered":"<p>Inspired by a hack seen in the german velomobile forum, this GPS mount is designed to be easily adjusted. The mount area uses gray 3M VHB tape to attach the mount. A longer bolt will also be provided for those needing a rock solid mount. The circle part with the sticky tape can be rotated &hellip; <\/p>\n<p class=\"link-more\"><a href=\"https:\/\/newstore.northlandvelo.nl\/de\/product\/die-modulare-wahoo-gps-halterung\/\" class=\"more-link\">Mehr <span class=\"screen-reader-text\">\u00fcber &#8220;The Modular Wahoo GPS Mount&#8221; <\/span>Lesen<\/a><\/p>","protected":false},"featured_media":9621,"template":"","meta":[],"product_brand":[],"product_cat":[66,121],"product_tag":[131],"class_list":{"0":"post-11120","1":"product","2":"type-product","3":"status-publish","4":"has-post-thumbnail","6":"product_cat-accessories","7":"product_cat-gps","8":"product_tag-gps-mount","9":"product_shipping_class-letterbox","11":"first","12":"instock","13":"taxable","14":"shipping-taxable","15":"purchasable","16":"product-type-variable"},"_links":{"self":[{"href":"https:\/\/newstore.northlandvelo.nl\/de\/wp-json\/wp\/v2\/product\/11120","targetHints":{"allow":["GET"]}}],"collection":[{"href":"https:\/\/newstore.northlandvelo.nl\/de\/wp-json\/wp\/v2\/product"}],"about":[{"href":"https:\/\/newstore.northlandvelo.nl\/de\/wp-json\/wp\/v2\/types\/product"}],"wp:featuredmedia":[{"embeddable":true,"href":"https:\/\/newstore.northlandvelo.nl\/de\/wp-json\/wp\/v2\/media\/9621"}],"wp:attachment":[{"href":"https:\/\/newstore.northlandvelo.nl\/de\/wp-json\/wp\/v2\/media?parent=11120"}],"wp:term":[{"taxonomy":"product_brand","embeddable":true,"href":"https:\/\/newstore.northlandvelo.nl\/de\/wp-json\/wp\/v2\/product_brand?post=11120"},{"taxonomy":"product_cat","embeddable":true,"href":"https:\/\/newstore.northlandvelo.nl\/de\/wp-json\/wp\/v2\/product_cat?post=11120"},{"taxonomy":"product_tag","embeddable":true,"href":"https:\/\/newstore.northlandvelo.nl\/de\/wp-json\/wp\/v2\/product_tag?post=11120"}],"curies":[{"name":"wp","href":"https:\/\/api.w.org\/{rel}","templated":true}]}}