{"id":11531,"date":"2026-02-07T18:57:24","date_gmt":"2026-02-07T18:57:24","guid":{"rendered":"https:\/\/newstore.northlandvelo.nl\/?page_id=11531"},"modified":"2026-02-07T18:57:24","modified_gmt":"2026-02-07T18:57:24","slug":"privacy-policy-2","status":"publish","type":"page","link":"https:\/\/newstore.northlandvelo.nl\/de\/privacy-policy-2\/","title":{"rendered":"Datenschutzbestimmungen"},"content":{"rendered":"<p>Northland Velo.nl operates this store and website, including all related information, content, features, tools, products and services, in order to provide you, the customer, with a curated shopping experience (the &#8220;Services&#8221;). Northland Velo.nl is powered by Woocommerce, which enables us to provide the Services to you. This Privacy Policy describes how we collect, use, and disclose your personal information when you visit, use, or make a purchase or other transaction using the Services or otherwise communicate with us. If there is a conflict between our Terms of Service and this Privacy Policy, this Privacy Policy controls with respect to the collection, processing, and disclosure of your personal information.<\/p>\n\n\n\n<p>Bitte lesen Sie diese Datenschutzrichtlinie sorgf\u00e4ltig durch. Durch die Nutzung und den Zugriff auf die Dienste best\u00e4tigen Sie, dass Sie diese Datenschutzrichtlinie gelesen haben und mit der Erfassung, Verwendung und Offenlegung Ihrer Daten, wie in dieser Datenschutzrichtlinie beschrieben, einverstanden sind.<\/p>\n\n\n\n<h2 class=\"wp-block-heading\">Wer wir sind<\/h2>\n\n\n\n<p>Unsere Website-Adresse lautet: https:\/\/www.northlandvelo.nl.<\/p>\n\n\n\n<h2 class=\"wp-block-heading\">Kommentare<\/h2>\n\n\n\n<p>Wenn Besucher Kommentare auf der Website hinterlassen, erfassen wir die im Kommentarformular angezeigten Daten sowie die IP-Adresse und den User-Agent-String des Browsers des Besuchers, um die Spam-Erkennung zu erleichtern.<\/p>\n\n\n\n<p>Eine anonymisierte Zeichenfolge, die aus Ihrer E-Mail-Adresse erstellt wird (auch Hash genannt), kann dem Gravatar-Dienst zur Verf\u00fcgung gestellt werden, um zu sehen, ob Sie ihn benutzen. Die Datenschutzrichtlinien des Gravatar-Dienstes finden Sie hier: https:\/\/automattic.com\/privacy\/. Nach der Freigabe Ihres Kommentars ist Ihr Profilbild im Zusammenhang mit Ihrem Kommentar \u00f6ffentlich sichtbar.<\/p>\n\n\n\n<h2 class=\"wp-block-heading\">Medien<\/h2>\n\n\n\n<p>Wenn Sie Bilder auf die Website hochladen, sollten Sie es vermeiden, Bilder hochzuladen, die eingebettete Standortdaten (EXIF-GPS) enthalten. Die Besucher der Website k\u00f6nnen alle Standortdaten von den Bildern auf der Website herunterladen und extrahieren.<\/p>\n\n\n\n<h2 class=\"wp-block-heading\">Cookies<\/h2>\n\n\n\n<p>Wenn Sie einen Kommentar auf unserer Website hinterlassen, k\u00f6nnen Sie sich damit einverstanden erkl\u00e4ren, dass Ihr Name, Ihre E-Mail-Adresse und Ihre Website in Cookies gespeichert werden. Diese dienen Ihrer Bequemlichkeit, damit Sie Ihre Daten nicht erneut eingeben m\u00fcssen, wenn Sie einen weiteren Kommentar hinterlassen. Diese Cookies sind ein Jahr lang g\u00fcltig.<\/p>\n\n\n\n<p>Wenn Sie unsere Anmeldeseite besuchen, setzen wir ein tempor\u00e4res Cookie, um festzustellen, ob Ihr Browser Cookies zul\u00e4sst. Dieses Cookie enth\u00e4lt keine pers\u00f6nlichen Daten und wird gel\u00f6scht, wenn Sie Ihren Browser schlie\u00dfen.<\/p>\n\n\n\n<p>When you log in, we will also set up several cookies to save your login information and your screen display choices. Login cookies last for two days, and screen options cookies last for a year. If you select &#8220;Remember Me&#8221;, your login will persist for two weeks. If you log out of your account, the login cookies will be removed.<\/p>\n\n\n\n<p>Wenn Sie einen Artikel bearbeiten oder ver\u00f6ffentlichen, wird ein zus\u00e4tzliches Cookie in Ihrem Browser gespeichert. Dieses Cookie enth\u00e4lt keine pers\u00f6nlichen Daten und zeigt lediglich die Post-ID des Artikels an, den Sie gerade bearbeitet haben. Er verf\u00e4llt nach 1 Tag.<\/p>\n\n\n\n<h2 class=\"wp-block-heading\">Eingebettete Inhalte von anderen Websites<\/h2>\n\n\n\n<p>Die Artikel auf dieser Website k\u00f6nnen eingebettete Inhalte (z. B. Videos, Bilder, Artikel usw.) enthalten. Eingebettete Inhalte von anderen Websites verhalten sich genau so, als ob der Besucher die andere Website besucht h\u00e4tte.<\/p>\n\n\n\n<p>Diese Websites k\u00f6nnen Daten \u00fcber Sie sammeln, Cookies verwenden, zus\u00e4tzliche Trackingfunktionen von Dritten einbetten und Ihre Interaktion mit diesen eingebetteten Inhalten \u00fcberwachen, einschlie\u00dflich der Verfolgung Ihrer Interaktion mit den eingebetteten Inhalten, wenn Sie ein Konto haben und auf dieser Website angemeldet sind.<\/p>\n\n\n\n<h2 class=\"wp-block-heading\">Mit wem wir Ihre Daten teilen<\/h2>\n\n\n\n<p>Wenn Sie ein neues Passwort anfordern, wird Ihre IP-Adresse in der E-Mail mit dem neuen Passwort angegeben.<\/p>\n\n\n\n<h2 class=\"wp-block-heading\">Wie lange wir Ihre Daten aufbewahren<\/h2>\n\n\n\n<p><strong class=\"privacy-policy-tutorial\"> <\/strong>Wenn Sie einen Kommentar hinterlassen, werden der Kommentar und seine Metadaten auf unbestimmte Zeit gespeichert. Auf diese Weise k\u00f6nnen wir Folgekommentare automatisch erkennen und genehmigen, anstatt sie in einer Moderationswarteschlange zu halten.<\/p>\n\n\n\n<p>F\u00fcr Benutzer, die sich auf unserer Website registrieren (falls vorhanden), speichern wir auch die pers\u00f6nlichen Informationen, die sie in ihrem Benutzerprofil angeben. Alle Nutzer k\u00f6nnen ihre pers\u00f6nlichen Daten jederzeit einsehen, bearbeiten oder l\u00f6schen (sie k\u00f6nnen jedoch ihren Benutzernamen nicht \u00e4ndern). Auch die Administratoren der Website k\u00f6nnen diese Informationen einsehen und bearbeiten.<\/p>\n\n\n\n<h2 class=\"wp-block-heading\">Welche Rechte Sie an Ihren Daten haben<\/h2>\n\n\n\n<p>Je nachdem, wo Sie wohnen, haben Sie m\u00f6glicherweise einige oder alle der unten aufgef\u00fchrten Rechte in Bezug auf Ihre personenbezogenen Daten. Diese Rechte sind jedoch nicht absolut, gelten nur unter bestimmten Umst\u00e4nden und in bestimmten F\u00e4llen k\u00f6nnen wir Ihre Anfrage ablehnen, soweit dies gesetzlich zul\u00e4ssig ist.<\/p>\n\n\n\n<p><strong>Recht auf Zugang \/ Wissen.<\/strong>\u00a0Sie haben das Recht, Zugang zu den personenbezogenen Daten zu verlangen, die wir \u00fcber Sie gespeichert haben.<\/p>\n\n\n\n<p><strong>Recht auf L\u00f6schen.<\/strong>\u00a0Sie haben das Recht zu verlangen, dass wir die \u00fcber Sie gespeicherten personenbezogenen Daten l\u00f6schen.<\/p>\n\n\n\n<p><strong>Recht auf Berichtigung.<\/strong>\u00a0Sie haben das Recht zu verlangen, dass wir unrichtige pers\u00f6nliche Daten, die wir \u00fcber Sie gespeichert haben, korrigieren.<\/p>\n\n\n\n<p><strong>Recht auf \u00dcbertragbarkeit.<\/strong>\u00a0Sie haben das Recht, eine Kopie der personenbezogenen Daten, die wir \u00fcber Sie gespeichert haben, zu erhalten und zu verlangen, dass wir sie unter bestimmten Umst\u00e4nden und mit bestimmten Ausnahmen an einen Dritten weitergeben.<\/p>\n\n\n\n<p><strong>Umgang mit Kommunikationspr\u00e4ferenzen.<\/strong>\u00a0Wir k\u00f6nnen Ihnen Werbe-E-Mails zusenden, deren Empfang Sie jederzeit abbestellen k\u00f6nnen, indem Sie die in unseren E-Mails an Sie angezeigte Option zum Abbestellen nutzen. Wenn Sie sich abmelden, k\u00f6nnen wir Ihnen weiterhin nicht werbliche E-Mails schicken, z. B. \u00fcber Ihr Konto oder Ihre Bestellungen.<\/p>\n\n\n\n<p><strong>Wenn Sie Ihren Wohnsitz im Vereinigten K\u00f6nigreich oder im Europ\u00e4ischen Wirtschaftsraum haben,<\/strong>\u00a0und vorbehaltlich der Ausnahmen und Beschr\u00e4nkungen, die das \u00f6rtliche Recht vorsieht, k\u00f6nnen Sie zus\u00e4tzlich zu den oben beschriebenen Rechten die folgenden Rechte aus\u00fcben:<\/p>\n\n\n\n<p><strong>Einspruch gegen die Verarbeitung und Einschr\u00e4nkung der Verarbeitung:<\/strong>\u00a0Sie haben das Recht, von uns zu verlangen, dass wir die Verarbeitung personenbezogener Daten f\u00fcr bestimmte Zwecke einstellen oder einschr\u00e4nken.<\/p>\n\n\n\n<p><strong>Entzug der Zustimmung:<\/strong>\u00a0Wenn wir uns auf eine Einwilligung zur Verarbeitung Ihrer personenbezogenen Daten st\u00fctzen, haben Sie das Recht, diese Einwilligung zu widerrufen. Wenn Sie Ihre Einwilligung widerrufen, hat dies keinen Einfluss auf die Rechtm\u00e4\u00dfigkeit der Verarbeitung, die auf Ihrer Einwilligung vor dem Widerruf beruht.<\/p>\n\n\n\n<p>Sie k\u00f6nnen jedes dieser Rechte aus\u00fcben, wenn dies in den Diensten angegeben ist, oder indem Sie uns \u00fcber die unten angegebenen Kontaktdaten kontaktieren. <\/p>\n\n\n\n<p>Wir werden Sie nicht diskriminieren, wenn Sie eines dieser Rechte wahrnehmen. Es kann sein, dass wir Ihre Identit\u00e4t \u00fcberpr\u00fcfen m\u00fcssen, bevor wir Ihre Anfragen bearbeiten k\u00f6nnen, soweit dies nach geltendem Recht zul\u00e4ssig oder erforderlich ist. In \u00dcbereinstimmung mit den geltenden Gesetzen k\u00f6nnen Sie einen Bevollm\u00e4chtigten benennen, der in Ihrem Namen Antr\u00e4ge zur Aus\u00fcbung Ihrer Rechte stellt. Bevor wir eine solche Anfrage von einem Bevollm\u00e4chtigten annehmen, verlangen wir, dass der Bevollm\u00e4chtigte nachweist, dass Sie ihn bevollm\u00e4chtigt haben, in Ihrem Namen zu handeln, und wir k\u00f6nnen Sie auffordern, Ihre Identit\u00e4t direkt bei uns zu \u00fcberpr\u00fcfen. Wir werden Ihre Anfrage so schnell wie m\u00f6glich beantworten, wie es das geltende Recht verlangt. Wenn Sie ein Konto auf dieser Website haben oder Kommentare hinterlassen haben, k\u00f6nnen Sie eine exportierte Datei der personenbezogenen Daten anfordern, die wir \u00fcber Sie gespeichert haben, einschlie\u00dflich aller Daten, die Sie uns zur Verf\u00fcgung gestellt haben. Sie k\u00f6nnen auch verlangen, dass wir alle personenbezogenen Daten, die wir \u00fcber Sie gespeichert haben, l\u00f6schen. Davon ausgenommen sind Daten, die wir aus administrativen, rechtlichen oder Sicherheitsgr\u00fcnden aufbewahren m\u00fcssen.<\/p>\n\n\n\n<h2 class=\"wp-block-heading\">Wohin Ihre Daten gesendet werden<\/h2>\n\n\n\n<p>Die Kommentare der Besucher k\u00f6nnen durch einen automatischen Spam-Erkennungsdienst \u00fcberpr\u00fcft werden.<\/p>\n\n\n\n<p>Wir sammeln Informationen \u00fcber Sie w\u00e4hrend des Bestellvorgangs in unserem Shop. Diese Informationen werden auf den sicheren Servern unseres Hosting-Anbieters, Inmotion Hosting, gespeichert.<\/p>\n\n\n\n<h2 class=\"wp-block-heading\">Was wir sammeln und speichern<\/h2>\n\n\n\n<p>Please be aware that no security measures are perfect or impenetrable, and we cannot guarantee &#8220;perfect security.&#8221; In addition, any information you send to us may not be secure while in transit. We recommend that you do not use unsecure channels to communicate sensitive or confidential information to us.<\/p>\n\n\n\n<p>W\u00e4hrend Sie unsere Website besuchen, werden wir Sie verfolgen:<\/p>\n\n\n\n<ul class=\"wp-block-list\">\n<li>Produkte, die Sie sich angesehen haben: Wir verwenden diese Daten, um Ihnen zum Beispiel Produkte anzuzeigen, die Sie sich k\u00fcrzlich angesehen haben.<\/li>\n\n\n\n<li>Standort, IP-Adresse und Browsertyp: Wir verwenden diese Daten f\u00fcr Zwecke wie die Sch\u00e4tzung von Steuern und Versandkosten.<\/li>\n\n\n\n<li>Lieferadresse: Wir bitten Sie, diese Adresse einzugeben, damit wir z. B. vor der Bestellung die Versandkosten absch\u00e4tzen und Ihnen die Bestellung zusenden k\u00f6nnen!<\/li>\n<\/ul>\n\n\n\n<p>Wir verwenden auch Cookies, um den Inhalt Ihres Warenkorbs zu verfolgen, w\u00e4hrend Sie auf unserer Website surfen.<\/p>\n\n\n\n<p>Wenn Sie bei uns einkaufen, bitten wir Sie, Informationen wie Ihren Namen, Ihre Rechnungsadresse, Ihre Lieferadresse, Ihre E-Mail-Adresse, Ihre Telefonnummer, Ihre Kreditkarten-\/Zahlungsdaten und optionale Kontoinformationen wie Ihren Benutzernamen und Ihr Passwort anzugeben. Wir verwenden diese Informationen unter anderem f\u00fcr folgende Zwecke::<\/p>\n\n\n\n<ul class=\"wp-block-list\">\n<li>Ihnen Informationen \u00fcber Ihr Konto und Ihre Bestellung schicken<\/li>\n\n\n\n<li>Beantwortung Ihrer Anfragen, einschlie\u00dflich Erstattungen und Beschwerden<\/li>\n\n\n\n<li>Zahlungen verarbeiten und Betrug verhindern<\/li>\n\n\n\n<li>Richten Sie Ihr Konto f\u00fcr unseren Shop ein<\/li>\n\n\n\n<li>Erf\u00fcllung aller gesetzlichen Verpflichtungen, wie z. B. die Berechnung von Steuern<\/li>\n\n\n\n<li>Verbesserung des Angebots in unseren Gesch\u00e4ften<\/li>\n\n\n\n<li>Ihnen Marketingnachrichten zu senden, wenn Sie diese erhalten m\u00f6chten<\/li>\n<\/ul>\n\n\n\n<p>Wenn Sie ein Konto einrichten, speichern wir Ihren Namen, Ihre Adresse, Ihre E-Mail-Adresse und Ihre Telefonnummer, die bei zuk\u00fcnftigen Bestellungen in der Kasse verwendet werden.<\/p>\n\n\n\n<p>Wie lange wir Ihre personenbezogenen Daten aufbewahren, h\u00e4ngt von verschiedenen Faktoren ab, z. B. davon, ob wir die Daten ben\u00f6tigen, um Ihr Konto zu verwalten, Ihnen Dienstleistungen bereitzustellen, rechtlichen Verpflichtungen nachzukommen, Streitigkeiten beizulegen oder andere geltende Vertr\u00e4ge und Richtlinien durchzusetzen. Dazu geh\u00f6ren Ihr Name, Ihre E-Mail-Adresse sowie Ihre Rechnungs- und Lieferadresse.<\/p>\n\n\n\n<p>Wir speichern auch Kommentare oder Bewertungen, wenn Sie diese hinterlassen.<\/p>\n\n\n\n<h2 class=\"wp-block-heading\">Wer in unserem Team hat Zugang<\/h2>\n\n\n\n<p>Die Mitglieder unseres Teams haben Zugang zu den Informationen, die Sie uns zur Verf\u00fcgung stellen. Zum Beispiel k\u00f6nnen sowohl Administratoren als auch Shop-Manager darauf zugreifen:<\/p>\n\n\n\n<ul class=\"wp-block-list\">\n<li>Bestellinformationen, z. B. was gekauft wurde, wann es gekauft wurde und wohin es geschickt werden soll, und<\/li>\n\n\n\n<li>Kundeninformationen wie Ihr Name, Ihre E-Mail-Adresse sowie Rechnungs- und Versandinformationen.<\/li>\n<\/ul>\n\n\n\n<p>Unsere Teammitglieder haben Zugang zu diesen Informationen, um Bestellungen auszuf\u00fchren, R\u00fcckerstattungen zu bearbeiten und Sie zu unterst\u00fctzen.<\/p>\n\n\n\n<h2 class=\"wp-block-heading\">Zahlungen<\/h2>\n\n\n\n<p>Wir akzeptieren Zahlungen \u00fcber PayPal, SEPA, Mollie und Stripe. Bei der Verarbeitung von Zahlungen werden einige Ihrer Daten an diese Unternehmen weitergegeben, einschlie\u00dflich der Informationen, die f\u00fcr die Verarbeitung oder Unterst\u00fctzung der Zahlung erforderlich sind, wie z. B. die Kaufsumme und die Rechnungsinformationen.<\/p>\n\n\n\n<p>Bitte beachten Sie die&nbsp;<a href=\"https:\/\/www.paypal.com\/us\/webapps\/mpp\/ua\/privacy-full\">PayPal-Datenschutzbestimmungen<\/a>&nbsp;f\u00fcr weitere Einzelheiten.<\/p>\n\n\n\n<h2 class=\"wp-block-heading\">Children&#8217;s Data<\/h2>\n\n\n\n<p>The Services are not intended to be used by children, and we do not knowingly collect any personal information about children under the age of majority in your jurisdiction. If you are the parent or guardian of a child who has provided us with their personal information, you may contact us using the contact details set out below to request that it be deleted. As of the Effective Date of this Privacy Policy, we do not have actual knowledge that we &#8220;share&#8221; or &#8220;sell&#8221; (as those terms are defined in applicable law) personal information of individuals under 16 years of age.<\/p>\n\n\n\n<h2 class=\"wp-block-heading\">Beanstandungen<\/h2>\n\n\n\n<p>Wenn Sie Beschwerden dar\u00fcber haben, wie wir Ihre personenbezogenen Daten verarbeiten, wenden Sie sich bitte an die unten angegebenen Kontaktdaten. Je nachdem, wo Sie wohnen, haben Sie das Recht, gegen unsere Entscheidung Einspruch zu erheben, indem Sie sich \u00fcber die unten angegebenen Kontaktdaten an uns wenden, oder Sie k\u00f6nnen Ihre Beschwerde bei Ihrer \u00f6rtlichen Datenschutzbeh\u00f6rde einreichen. F\u00fcr den EWR finden Sie eine Liste der zust\u00e4ndigen Datenschutzaufsichtsbeh\u00f6rden\u00a0<a href=\"https:\/\/edpb.europa.eu\/about-edpb\/about-edpb\/members\">hier<\/a>.<\/p>\n\n\n\n<h2 class=\"wp-block-heading\">\u00dcberweisungen<\/h2>\n\n\n\n<p>Bitte beachten Sie, dass wir Ihre pers\u00f6nlichen Daten au\u00dferhalb des Landes, in dem Sie leben, \u00fcbertragen, speichern und verarbeiten k\u00f6nnen.<\/p>\n\n\n\n<p>If we transfer your personal information out of the European Economic Area or the United Kingdom, we will rely on recognized transfer mechanisms like the European Commission&#8217;s Standard Contractual Clauses, or any equivalent contracts issued by the relevant competent authority of the UK, as relevant, unless the data transfer is to a country that has been determined to provide an adequate level of protection.<\/p>\n\n\n\n<h2 class=\"wp-block-heading\">\u00c4nderungen an dieser Datenschutzrichtlinie<\/h2>\n\n\n\n<p>We may update this Privacy Policy from time to time, including to reflect changes to our practices or for other operational, legal, or regulatory reasons. We will post the revised Privacy Policy on this website, update the &#8220;Last updated&#8221; date and provide notice as required by applicable law.<\/p>\n\n\n\n<h2 class=\"wp-block-heading\">Kontakt<\/h2>\n\n\n\n<p>Wenn Sie Fragen zu unseren Datenschutzpraktiken oder zu dieser Datenschutzerkl\u00e4rung haben oder eines der Ihnen zustehenden Rechte aus\u00fcben m\u00f6chten, rufen Sie uns bitte an oder senden Sie uns eine E-Mail an info @ northlandvelo .com oder kontaktieren Sie uns unter der Adresse Elmarestraat 42, Waterlandkerkje, 4508 AB, NL Im Sinne der geltenden Datenschutzgesetze sind wir der f\u00fcr die Verarbeitung Ihrer pers\u00f6nlichen Daten Verantwortliche.<\/p>","protected":false},"excerpt":{"rendered":"<p>Northland Velo.nl operates this store and website, including all related information, content, features, tools, products and services, in order to provide you, the customer, with a curated shopping experience (the &#8220;Services&#8221;). Northland Velo.nl is powered by Woocommerce, which enables us to provide the Services to you. This Privacy Policy describes how we collect, use, and &hellip; <\/p>\n<p class=\"link-more\"><a href=\"https:\/\/newstore.northlandvelo.nl\/de\/privacy-policy-2\/\" class=\"more-link\">Mehr <span class=\"screen-reader-text\">\u00fcber &#8220;Privacy Policy&#8221; <\/span>Lesen<\/a><\/p>","protected":false},"author":1,"featured_media":0,"parent":0,"menu_order":0,"comment_status":"closed","ping_status":"closed","template":"","meta":{"footnotes":""},"class_list":["post-11531","page","type-page","status-publish","hentry"],"_links":{"self":[{"href":"https:\/\/newstore.northlandvelo.nl\/de\/wp-json\/wp\/v2\/pages\/11531","targetHints":{"allow":["GET"]}}],"collection":[{"href":"https:\/\/newstore.northlandvelo.nl\/de\/wp-json\/wp\/v2\/pages"}],"about":[{"href":"https:\/\/newstore.northlandvelo.nl\/de\/wp-json\/wp\/v2\/types\/page"}],"author":[{"embeddable":true,"href":"https:\/\/newstore.northlandvelo.nl\/de\/wp-json\/wp\/v2\/users\/1"}],"replies":[{"embeddable":true,"href":"https:\/\/newstore.northlandvelo.nl\/de\/wp-json\/wp\/v2\/comments?post=11531"}],"version-history":[{"count":1,"href":"https:\/\/newstore.northlandvelo.nl\/de\/wp-json\/wp\/v2\/pages\/11531\/revisions"}],"predecessor-version":[{"id":11532,"href":"https:\/\/newstore.northlandvelo.nl\/de\/wp-json\/wp\/v2\/pages\/11531\/revisions\/11532"}],"wp:attachment":[{"href":"https:\/\/newstore.northlandvelo.nl\/de\/wp-json\/wp\/v2\/media?parent=11531"}],"curies":[{"name":"wp","href":"https:\/\/api.w.org\/{rel}","templated":true}]}}