{"id":11549,"date":"2026-02-07T19:36:22","date_gmt":"2026-02-07T19:36:22","guid":{"rendered":"https:\/\/newstore.northlandvelo.nl\/?page_id=11549"},"modified":"2026-02-09T16:38:45","modified_gmt":"2026-02-09T16:38:45","slug":"services","status":"publish","type":"page","link":"https:\/\/newstore.northlandvelo.nl\/da\/services\/","title":{"rendered":"Serviceydelser"},"content":{"rendered":"<div id=\"services\" class=\"wp-block-group pattern_multiple_covers has-global-padding is-layout-constrained wp-block-group-is-layout-constrained\">\n<h2 class=\"wp-block-heading has-text-align-left has-large-font-size\">Northland Velo Services<\/h2>\n\n\n\n<p class=\"has-text-align-left\">Northland Velo tilbyder salg af WAW-velomobiler, 3D-printede l\u00f8sninger og reparations- og forbedringstjenester til udvalgte velomobilmodeller i Zeeuws-Vlaanderen. Tjenesterne sp\u00e6nder fra enkle reparationer som indstilling af gearskifte og renovering af bremser til elektrisk arbejde og mindre reparationer af kompositmaterialer. Modeller, der kan bringes til reparation, omfatter WAW, Quest, Strada, alle Buelks, Milans med adgangsluge, Alphas og DF\/DFXL. Northland Velo er ikke i stand til at tilbyde reparation af modeller uden adgangsluge, indvendigt gearede nav eller elektrisk assistance. Northland Velo beklager ogs\u00e5 manglen p\u00e5 egnet plads til lakreparation og er ikke i stand til at tilbyde denne service. For nogle modeller kan det v\u00e6re n\u00f8dvendigt at bestille reservedele, da Northland Velo ikke har et samarbejde med alle velomobilproducenter.<\/p>\n\n\n\n<div style=\"height:46px\" aria-hidden=\"true\" class=\"wp-block-spacer\"><\/div>\n\n\n\n<div class=\"wp-block-columns is-layout-flex wp-container-core-columns-is-layout-28f84493 wp-block-columns-is-layout-flex\">\n<div class=\"wp-block-column is-layout-flow wp-block-column-is-layout-flow\" style=\"padding-top:0;padding-right:0;padding-bottom:0;padding-left:0\">\n<div class=\"wp-block-cover has-custom-content-position is-position-bottom-left\" style=\"border-top-left-radius:5px;border-top-right-radius:5px;border-bottom-left-radius:5px;border-bottom-right-radius:5px;padding-top:var(--wp--preset--spacing--small);padding-right:var(--wp--preset--spacing--x-small);padding-bottom:var(--wp--preset--spacing--small);padding-left:var(--wp--preset--spacing--x-small)\"><img loading=\"lazy\" decoding=\"async\" width=\"768\" height=\"1024\" class=\"wp-block-cover__image-background wp-image-9944 size-large\" alt=\"\" src=\"https:\/\/newstore.northlandvelo.nl\/wp-content\/uploads\/2026\/02\/IMG_8646-768x1024.jpg\" data-object-fit=\"cover\" srcset=\"https:\/\/newstore.northlandvelo.nl\/wp-content\/uploads\/2026\/02\/IMG_8646-768x1024.jpg 768w, https:\/\/newstore.northlandvelo.nl\/wp-content\/uploads\/2026\/02\/IMG_8646-225x300.jpg 225w, https:\/\/newstore.northlandvelo.nl\/wp-content\/uploads\/2026\/02\/IMG_8646-2000x2667.jpg 2000w, https:\/\/newstore.northlandvelo.nl\/wp-content\/uploads\/2026\/02\/IMG_8646-scaled-9x12.jpg 9w, https:\/\/newstore.northlandvelo.nl\/wp-content\/uploads\/2026\/02\/IMG_8646-scaled.jpg 1920w\" sizes=\"auto, (max-width: 768px) 100vw, 768px\" \/><span aria-hidden=\"true\" class=\"wp-block-cover__background has-primary-background-color has-background-dim-30 has-background-dim\"><\/span><div class=\"wp-block-cover__inner-container is-layout-flow wp-block-cover-is-layout-flow\">\n<h3 class=\"wp-block-heading has-white-color has-text-color has-medium-font-size\" style=\"margin-top:0;margin-right:0;margin-bottom:0;margin-left:0\">WAW salg<\/h3>\n\n\n\n<p class=\"has-white-color has-text-color has-link-color wp-elements-6614d4ffc86f2c7508292c86c80d30c9\" style=\"margin-top:0;margin-right:0;margin-bottom:0;margin-left:0\"><a href=\"https:\/\/newstore.northlandvelo.nl\/da\/meet-the-waw-velomobile-2\/\" data-type=\"page\" data-id=\"11684\">Udforsk mere \u2192.<\/a><\/p>\n<\/div><\/div>\n<\/div>\n\n\n\n<div class=\"wp-block-column is-layout-flow wp-block-column-is-layout-flow\" style=\"padding-top:0;padding-right:0;padding-bottom:0;padding-left:0\">\n<div class=\"wp-block-cover has-custom-content-position is-position-bottom-left\" style=\"border-top-left-radius:5px;border-top-right-radius:5px;border-bottom-left-radius:5px;border-bottom-right-radius:5px;padding-top:var(--wp--preset--spacing--small);padding-right:var(--wp--preset--spacing--x-small);padding-bottom:var(--wp--preset--spacing--small);padding-left:var(--wp--preset--spacing--x-small)\"><img loading=\"lazy\" decoding=\"async\" width=\"768\" height=\"1024\" class=\"wp-block-cover__image-background wp-image-11699 size-large\" alt=\"\" src=\"https:\/\/newstore.northlandvelo.nl\/wp-content\/uploads\/2026\/02\/printer-768x1024.jpg\" data-object-fit=\"cover\" srcset=\"https:\/\/newstore.northlandvelo.nl\/wp-content\/uploads\/2026\/02\/printer-768x1024.jpg 768w, https:\/\/newstore.northlandvelo.nl\/wp-content\/uploads\/2026\/02\/printer-225x300.jpg 225w, https:\/\/newstore.northlandvelo.nl\/wp-content\/uploads\/2026\/02\/printer-9x12.jpg 9w, https:\/\/newstore.northlandvelo.nl\/wp-content\/uploads\/2026\/02\/printer.jpg 810w\" sizes=\"auto, (max-width: 768px) 100vw, 768px\" \/><span aria-hidden=\"true\" class=\"wp-block-cover__background has-primary-background-color has-background-dim-30 has-background-dim\"><\/span><div class=\"wp-block-cover__inner-container is-layout-flow wp-block-cover-is-layout-flow\">\n<h3 class=\"wp-block-heading has-white-color has-text-color has-medium-font-size\" style=\"margin-top:0;margin-right:0;margin-bottom:0;margin-left:0\">3D-udskrivning<\/h3>\n\n\n\n<p class=\"has-white-color has-text-color has-link-color wp-elements-0dd6b2b7de3fe52659a95074d949d8c8\" style=\"margin-top:0;margin-right:0;margin-bottom:0;margin-left:0\"><a href=\"https:\/\/newstore.northlandvelo.nl\/da\/product-category\/accessories\/\" data-type=\"product_cat\" data-id=\"66\">Udforsk mere \u2192.<\/a><\/p>\n<\/div><\/div>\n<\/div>\n\n\n\n<div class=\"wp-block-column is-layout-flow wp-block-column-is-layout-flow\" style=\"padding-top:0;padding-right:0;padding-bottom:0;padding-left:0\">\n<div class=\"wp-block-cover has-custom-content-position is-position-bottom-left\" style=\"border-top-left-radius:5px;border-top-right-radius:5px;border-bottom-left-radius:5px;border-bottom-right-radius:5px;padding-top:var(--wp--preset--spacing--small);padding-right:var(--wp--preset--spacing--x-small);padding-bottom:var(--wp--preset--spacing--small);padding-left:var(--wp--preset--spacing--x-small)\"><img loading=\"lazy\" decoding=\"async\" width=\"768\" height=\"1024\" class=\"wp-block-cover__image-background wp-image-9438 size-large\" alt=\"\" src=\"https:\/\/newstore.northlandvelo.nl\/wp-content\/uploads\/2026\/02\/thumbnail-3-768x1024.jpeg\" data-object-fit=\"cover\" srcset=\"https:\/\/newstore.northlandvelo.nl\/wp-content\/uploads\/2026\/02\/thumbnail-3-768x1024.jpeg 768w, https:\/\/newstore.northlandvelo.nl\/wp-content\/uploads\/2026\/02\/thumbnail-3-225x300.jpeg 225w, https:\/\/newstore.northlandvelo.nl\/wp-content\/uploads\/2026\/02\/thumbnail-3-9x12.jpeg 9w, https:\/\/newstore.northlandvelo.nl\/wp-content\/uploads\/2026\/02\/thumbnail-3-600x800.jpeg 600w, https:\/\/newstore.northlandvelo.nl\/wp-content\/uploads\/2026\/02\/thumbnail-3.jpeg 810w\" sizes=\"auto, (max-width: 768px) 100vw, 768px\" \/><span aria-hidden=\"true\" class=\"wp-block-cover__background has-primary-background-color has-background-dim-30 has-background-dim\"><\/span><div class=\"wp-block-cover__inner-container is-layout-flow wp-block-cover-is-layout-flow\">\n<h3 class=\"wp-block-heading has-white-color has-text-color has-medium-font-size\" style=\"margin-top:0;margin-right:0;margin-bottom:0;margin-left:0\">Reparation<\/h3>\n\n\n\n<p class=\"has-white-color has-text-color has-link-color wp-elements-039b1d4013faafe40a01820ed7761f2a\" style=\"margin-top:0;margin-right:0;margin-bottom:0;margin-left:0\"><a href=\"https:\/\/newstore.northlandvelo.nl\/da\/contact\/\" data-type=\"page\" data-id=\"9397\">Udforsk mere \u2192.<\/a><\/p>\n<\/div><\/div>\n<\/div>\n<\/div>\n\n\n\n<div style=\"height:103px\" aria-hidden=\"true\" class=\"wp-block-spacer\"><\/div>\n<\/div>\n\n\n\n<div class=\"wp-block-group alignfull has-global-padding is-layout-constrained wp-container-core-group-is-layout-93707e3a wp-block-group-is-layout-constrained\" id=\"cover\" style=\"margin-top:0px;margin-bottom:0px\">\n<div class=\"wp-block-cover alignfull\" style=\"min-height:549px;aspect-ratio:unset;\"><img loading=\"lazy\" decoding=\"async\" width=\"1024\" height=\"768\" class=\"wp-block-cover__image-background wp-image-11596 size-large\" alt=\"\" src=\"https:\/\/newstore.northlandvelo.nl\/wp-content\/uploads\/2026\/02\/new-bike-day-1024x768.jpg\" data-object-fit=\"cover\" srcset=\"https:\/\/newstore.northlandvelo.nl\/wp-content\/uploads\/2026\/02\/new-bike-day-1024x768.jpg 1024w, https:\/\/newstore.northlandvelo.nl\/wp-content\/uploads\/2026\/02\/new-bike-day-300x225.jpg 300w, https:\/\/newstore.northlandvelo.nl\/wp-content\/uploads\/2026\/02\/new-bike-day-16x12.jpg 16w, https:\/\/newstore.northlandvelo.nl\/wp-content\/uploads\/2026\/02\/new-bike-day.jpg 1080w\" sizes=\"auto, (max-width: 1024px) 100vw, 1024px\" \/><span aria-hidden=\"true\" class=\"wp-block-cover__background has-black-background-color has-background-dim-60 has-background-dim\"><\/span><div class=\"wp-block-cover__inner-container is-layout-flow wp-block-cover-is-layout-flow\">\n<div class=\"wp-block-group has-global-padding is-layout-constrained wp-container-core-group-is-layout-4383d167 wp-block-group-is-layout-constrained\">\n<div style=\"height:88px\" aria-hidden=\"true\" class=\"wp-block-spacer\"><\/div>\n\n\n\n<h2 class=\"wp-block-heading has-white-color has-text-color has-max-48-font-size\">Hvorfor Northland Velo?<\/h2>\n\n\n\n<p>Selv om det m\u00e5ske ikke er den mest omfattende butik, lover Northland Velo at tilbyde den bedst mulige service, kvalitet og kommunikation. Northland Velo ligger i nogle af de bedste cykelomr\u00e5der i Holland og t\u00e6t p\u00e5 de st\u00f8rre byer i Belgien. Et stop hos Northland Velo giver ogs\u00e5 en fantastisk mulighed for en ferieweekend fyldt med cykling og uber\u00f8rte strande, s\u00e5 tag dit cykeludstyr med!<\/p>\n\n\n\n<div class=\"wp-block-buttons is-layout-flex wp-block-buttons-is-layout-flex\">\n<div class=\"wp-block-button is-style-outline is-style-outline--1\"><a class=\"wp-block-button__link wp-element-button\" href=\"https:\/\/newstore.northlandvelo.nl\/da\/contact\/\" style=\"border-radius:0px;text-transform:uppercase\">Kontakt Northland Velo<\/a><\/div>\n<\/div>\n\n\n\n<div style=\"height:63px\" aria-hidden=\"true\" class=\"wp-block-spacer\"><\/div>\n<\/div>\n<\/div><\/div>\n<\/div>\n\n\n\n<div id=\"reel\" class=\"wp-block-group has-global-padding is-layout-constrained wp-container-core-group-is-layout-93707e3a wp-block-group-is-layout-constrained\" style=\"margin-top:0px;margin-bottom:0px\">\n<h2 class=\"wp-block-heading has-white-color has-text-color has-max-48-font-size\">Showreel <\/h2>\n\n\n\n<figure class=\"wp-block-embed is-type-video is-provider-youtube wp-block-embed-youtube wp-embed-aspect-16-9 wp-has-aspect-ratio\"><div class=\"wp-block-embed__wrapper\">\n<iframe loading=\"lazy\" title=\"Cykling i Zeeland: Zeeuws-Vlaanderen-strandruten Breskens til Cadzand med Velomobile\" width=\"950\" height=\"534\" src=\"https:\/\/www.youtube.com\/embed\/UenAmIfPxQs?feature=oembed\" frameborder=\"0\" allow=\"accelerometer; autoplay; clipboard-write; encrypted-media; gyroscope; picture-in-picture; web-share\" referrerpolicy=\"strict-origin-when-cross-origin\" allowfullscreen><\/iframe>\n<\/div><\/figure>\n<\/div>\n\n\n\n<div class=\"wp-block-group has-global-padding is-layout-constrained wp-block-group-is-layout-constrained\">\n<div class=\"wp-block-group is-layout-flow wp-block-group-is-layout-flow\">\n<p class=\"has-secondary-color has-text-color\"><\/p>\n\n\n\n<h2 class=\"wp-block-heading has-max-48-font-size\">Lad os f\u00e5 det gjort!<\/h2>\n\n\n\n<div class=\"wp-block-columns is-layout-flex wp-container-core-columns-is-layout-28f84493 wp-block-columns-is-layout-flex\">\n<div class=\"wp-block-column is-style-default is-layout-flow wp-block-column-is-layout-flow\" style=\"border-top-style:none;border-top-width:0px;border-right-style:none;border-right-width:0px;border-bottom-style:none;border-bottom-width:0px;border-left-color:var(--wp--preset--color--lightgrey);border-left-width:1px;padding-top:35px;padding-right:2%;padding-bottom:35px;padding-left:5%\">\n<h2 class=\"wp-block-heading has-primary-color has-text-color\"><strong>1.<\/strong><\/h2>\n\n\n\n<div style=\"height:31px\" aria-hidden=\"true\" class=\"wp-block-spacer\"><\/div>\n\n\n\n<h2 class=\"wp-block-heading\">Tidsplan<\/h2>\n\n\n\n<p>Du kan planl\u00e6gge en aftale om vedligeholdelse via hjemmesiden, hvilket sikrer sikker kommunikation. Vi arbejder sammen om at finde et passende tidspunkt for dit bes\u00f8g for at sikre, at du er uden din elskede velomobil i s\u00e5 kort tid som muligt.<\/p>\n\n\n\n<p><a href=\"https:\/\/newstore.northlandvelo.nl\/da\/contact\/\" data-type=\"page\" data-id=\"9397\">Planl\u00e6g nu<\/a><\/p>\n<\/div>\n\n\n\n<div class=\"wp-block-column is-style-default is-layout-flow wp-block-column-is-layout-flow\" style=\"border-top-style:none;border-top-width:0px;border-right-style:none;border-right-width:0px;border-bottom-style:none;border-bottom-width:0px;border-left-color:var(--wp--preset--color--lightgrey);border-left-width:1px;padding-top:35px;padding-right:2%;padding-bottom:35px;padding-left:5%\">\n<h2 class=\"wp-block-heading has-primary-color has-text-color\"><strong>2.<\/strong><\/h2>\n\n\n\n<div style=\"height:31px\" aria-hidden=\"true\" class=\"wp-block-spacer\"><\/div>\n\n\n\n<h2 class=\"wp-block-heading\">Fix<\/h2>\n\n\n\n<p>Mit m\u00e5l er altid at levere reparationsservice s\u00e5 hurtigt som muligt. P\u00e5 grund af pladsbegr\u00e6nsninger p\u00e5tager jeg mig kun \u00e9t reparationsprojekt ad gangen, s\u00e5 jeg kan fokusere fuldt ud p\u00e5 dit projekt. Du vil modtage et tilbud p\u00e5 en grov pris, inden reparationsarbejdet p\u00e5begyndes. Hvis der er behov for yderligere arbejde, f\u00e5r du et pristilbud, f\u00f8r jeg p\u00e5begynder arbejdet.<\/p>\n\n\n\n<p><\/p>\n<\/div>\n\n\n\n<div class=\"wp-block-column is-style-default is-layout-flow wp-block-column-is-layout-flow\" style=\"border-top-style:none;border-top-width:0px;border-right-style:none;border-right-width:0px;border-bottom-style:none;border-bottom-width:0px;border-left-color:var(--wp--preset--color--lightgrey);border-left-width:1px;padding-top:35px;padding-right:2%;padding-bottom:35px;padding-left:5%\">\n<h2 class=\"wp-block-heading has-primary-color has-text-color\"><strong>3.<\/strong><\/h2>\n\n\n\n<div style=\"height:31px\" aria-hidden=\"true\" class=\"wp-block-spacer\"><\/div>\n\n\n\n<h2 class=\"wp-block-heading\">Betal<\/h2>\n\n\n\n<p>Alle betalinger foreg\u00e5r via den sikre hjemmeside, hvilket sikrer, at din betaling kommer ind p\u00e5 min konto uden risiko for at blive opsnappet af internetsvindlere. Der er ogs\u00e5 mulighed for at betale personligt via bankoverf\u00f8rsel.<\/p>\n\n\n\n<p><\/p>\n<\/div>\n<\/div>\n<\/div>\n<\/div>\n\n\n\n<div class=\"wp-block-group has-global-padding is-layout-constrained wp-block-group-is-layout-constrained\"><\/div>\n\n\n\n<div style=\"height:0px\" aria-hidden=\"true\" class=\"wp-block-spacer\"><\/div>","protected":false},"excerpt":{"rendered":"<p>Northland Velo Services Northland Velo offers WAW velomobile sales, 3D printed solutions, and repair and improvement services for select velomobile models in Zeeuws-Vlaanderen. Services range from simple repairs like tuning shifting and refurbishing brakes to electrical work and minor composites repair. Models that can be brought for repair include the WAW, Quest, Strada, all Buelks, &hellip; <\/p>\n<p class=\"link-more\"><a href=\"https:\/\/newstore.northlandvelo.nl\/da\/services\/\" class=\"more-link\">L\u00e6s mere<span class=\"screen-reader-text\"> \u201cServices\u201d<\/span><\/a><\/p>","protected":false},"author":1,"featured_media":9438,"parent":0,"menu_order":0,"comment_status":"closed","ping_status":"closed","template":"","meta":{"footnotes":""},"class_list":["post-11549","page","type-page","status-publish","has-post-thumbnail","hentry"],"_links":{"self":[{"href":"https:\/\/newstore.northlandvelo.nl\/da\/wp-json\/wp\/v2\/pages\/11549","targetHints":{"allow":["GET"]}}],"collection":[{"href":"https:\/\/newstore.northlandvelo.nl\/da\/wp-json\/wp\/v2\/pages"}],"about":[{"href":"https:\/\/newstore.northlandvelo.nl\/da\/wp-json\/wp\/v2\/types\/page"}],"author":[{"embeddable":true,"href":"https:\/\/newstore.northlandvelo.nl\/da\/wp-json\/wp\/v2\/users\/1"}],"replies":[{"embeddable":true,"href":"https:\/\/newstore.northlandvelo.nl\/da\/wp-json\/wp\/v2\/comments?post=11549"}],"version-history":[{"count":27,"href":"https:\/\/newstore.northlandvelo.nl\/da\/wp-json\/wp\/v2\/pages\/11549\/revisions"}],"predecessor-version":[{"id":11843,"href":"https:\/\/newstore.northlandvelo.nl\/da\/wp-json\/wp\/v2\/pages\/11549\/revisions\/11843"}],"wp:featuredmedia":[{"embeddable":true,"href":"https:\/\/newstore.northlandvelo.nl\/da\/wp-json\/wp\/v2\/media\/9438"}],"wp:attachment":[{"href":"https:\/\/newstore.northlandvelo.nl\/da\/wp-json\/wp\/v2\/media?parent=11549"}],"curies":[{"name":"wp","href":"https:\/\/api.w.org\/{rel}","templated":true}]}}